{"id":26,"date":"2023-02-08T14:35:05","date_gmt":"2023-02-08T14:35:05","guid":{"rendered":"https:\/\/linkconsulting.com\/edoclink\/home-copy\/"},"modified":"2023-03-15T17:10:10","modified_gmt":"2023-03-15T17:10:10","slug":"enterprise","status":"publish","type":"page","link":"https:\/\/linkconsulting.com\/edoclink\/enterprise\/","title":{"rendered":"edoclink Entreprise \u2013 Solu\u00e7\u00e3o de Automa\u00e7\u00e3o \u00c1gil de Processos"},"content":{"rendered":"<section class=\"wpb-content-wrapper\"><p>[vc_section full_width=&#8221;stretch_row&#8221; css=&#8221;.vc_custom_1678899693424{margin-top: -60px !important;padding-top: 160px !important;padding-bottom: 40px !important;background-image: url(https:\/\/linkconsulting.com\/edoclink\/wp-content\/uploads\/sites\/8\/2023\/02\/Link-edoclink_Enterprise.jpg?id=238) !important;background-position: center !important;background-repeat: no-repeat !important;background-size: cover !important;}&#8221; el_class=&#8221;microsites-header-01&#8243;][vc_row full_width=&#8221;stretch_row&#8221; overflow=&#8221;default&#8221;][vc_column width=&#8221;7\/12&#8243; el_class=&#8221;industries-text-01&#8243;][vc_custom_heading text=&#8221;Desmaterializa\u00e7\u00e3o e automa\u00e7\u00e3o \u00e1gil de processos. Conhe\u00e7a o edoclink Enterprise.&#8221; font_container=&#8221;tag:h2|font_size:44|text_align:left|color:%23f7f7f7&#8243; use_theme_fonts=&#8221;yes&#8221; css_animation=&#8221;fadeInUp&#8221;][vc_empty_space][vc_btn title=&#8221;Contacte-nos para uma solu\u00e7\u00e3o adequada ao seu neg\u00f3cio!&#8221; style=&#8221;gradient-custom&#8221; gradient_custom_color_1=&#8221;#ff613a&#8221; gradient_custom_color_2=&#8221;#ffb523&#8243; shape=&#8221;round&#8221; size=&#8221;lg&#8221; i_icon_fontawesome=&#8221;fas fa-arrow-alt-circle-down&#8221; css_animation=&#8221;fadeInUp&#8221; add_icon=&#8221;true&#8221; link=&#8221;url:%23CTA&#8221; el_class=&#8221;btn-cta&#8221;][\/vc_column][vc_column width=&#8221;5\/12&#8243;][\/vc_column][\/vc_row][vc_row][vc_column][vc_empty_space height=&#8221;200px&#8221;][vc_icon icon_fontawesome=&#8221;fas fa-angle-down&#8221; color=&#8221;white&#8221; background_style=&#8221;rounded-outline&#8221; background_color=&#8221;white&#8221; size=&#8221;lg&#8221; align=&#8221;center&#8221; link=&#8221;url:%23know-more&#8221;][\/vc_column][\/vc_row][\/vc_section][vc_section full_width=&#8221;stretch_row&#8221; css=&#8221;.vc_custom_1675275728678{padding-top: 160px !important;}&#8221; el_id=&#8221;know-more&#8221;][vc_row el_class=&#8221;know-more&#8221;][vc_column width=&#8221;1\/3&#8243;][vc_column_text el_class=&#8221;industries-text-01&#8243;]<\/p>\n<h3>A sua solu\u00e7\u00e3o de gest\u00e3o documental e workflow.<\/h3>\n<h3>Uma content service platform flex\u00edvel, f\u00e1cil de implementar e simples de utilizar.<\/h3>\n<p>[\/vc_column_text][\/vc_column][vc_column width=&#8221;2\/3&#8243; el_class=&#8221;industries-text-01&#8243;][vc_column_text el_class=&#8221;industries-text-02&#8243;]A vida \u00e9 imprevis\u00edvel. E por isso precisamos de solu\u00e7\u00f5es simples e flex\u00edveis, que d\u00e3o resposta aos desafios que a incerteza e a constante mudan\u00e7a nos trazem. Solu\u00e7\u00f5es que facilitam o nosso dia-a-dia e nos ajudam a otimizar o nosso tempo e trabalho. Que nos permitem gerir melhor as nossas reuni\u00f5es e, acima de tudo, a forma como usamos e partilhamos a nossa informa\u00e7\u00e3o.<\/p>\n<p>O seu dia-a-dia num fluxo de informa\u00e7\u00e3o cont\u00ednuo, sem falhas. Consegue imaginar?<\/p>\n<p>Pense em processos flu\u00eddos, integrados e 100% digitais.<\/p>\n<p>Independentemente de qual o documento a tratar, ou o ERP a integrar, ou as solu\u00e7\u00f5es que o suportam.<\/p>\n<p>Imagine um documento que chega, independentemente do formato (em papel, QR Code, ou at\u00e9 uma Fatura Eletr\u00f3nica), ser\u00a0 reconhecido integralmente, validado automaticamente e registado nas suas aplica\u00e7\u00f5es.<\/p>\n<p>Esta \u00e9 a realidade do edoclink Enterprise.[\/vc_column_text][\/vc_column][\/vc_row][\/vc_section][vc_row css=&#8221;.vc_custom_1665999976349{margin-top: 60px !important;}&#8221; el_id=&#8221;features&#8221; el_class=&#8221;arrow-down&#8221;][vc_column el_class=&#8221;industries-text-01&#8243;][vc_icon icon_fontawesome=&#8221;fas fa-arrow-down&#8221; color=&#8221;white&#8221; background_style=&#8221;rounded&#8221; size=&#8221;lg&#8221; align=&#8221;center&#8221; link=&#8221;url:%23features&#8221;][\/vc_column][\/vc_row][vc_row full_width=&#8221;stretch_row_content&#8221; equal_height=&#8221;yes&#8221; content_placement=&#8221;middle&#8221; css=&#8221;.vc_custom_1665929258669{margin-top: 60px !important;margin-bottom: 1px !important;background-color: #00879d !important;}&#8221;][vc_column width=&#8221;5\/12&#8243; css=&#8221;.vc_custom_1665929438659{margin-right: 40px !important;background-image: url(https:\/\/linkconsulting.com\/wp-content\/uploads\/2021\/07\/Link-OnlineDesk-01.jpg?id=9311) !important;background-position: center !important;background-repeat: no-repeat !important;background-size: cover !important;}&#8221;][vc_empty_space height=&#8221;200&#8243;][\/vc_column][vc_column width=&#8221;6\/12&#8243; el_class=&#8221;industries-text-01&#8243; css=&#8221;.vc_custom_1665759544264{padding-top: 100px !important;padding-bottom: 60px !important;}&#8221;][vc_column_text]<span style=\"font-size: 18px; color: #f7f7f7;\">Os seus processos preparados, j\u00e1 hoje, para o futuro do trabalho: flex\u00edveis, simplificados e integrados.<\/span><\/p>\n<p><span style=\"font-size: 18px; color: #f7f7f7;\">Assentes numa solu\u00e7\u00e3o que agiliza o seu dia-a-dia e facilita o seu trabalho e a transforma\u00e7\u00e3o cont\u00ednua da sua organiza\u00e7\u00e3o.<\/span><\/p>\n<p><span style=\"font-size: 18px; color: #f7f7f7;\">Otimizando o seu tempo e a utiliza\u00e7\u00e3o da sua informa\u00e7\u00e3o.<\/span>[\/vc_column_text][\/vc_column][vc_column width=&#8221;1\/12&#8243;][\/vc_column][\/vc_row][vc_row full_width=&#8221;stretch_row&#8221; css=&#8221;.vc_custom_1665855847205{margin-top: 0px !important;padding-top: 60px !important;padding-bottom: 60px !important;background-color: #e6f4f7 !important;}&#8221;][vc_column width=&#8221;1\/4&#8243;]\n            <div class=\"vcg-icon-SRFKDZ2sTG  vcg-icon  vc_custom_1602777355919\">\n                \n                \n                                            <i class=\"fa fa-compress\" style=\"color: #000000; font-size: 60px\"><\/i>\n                    \n                            <\/div>\n\n        [vc_column_text]TRABALHO COLABORATIVO.<\/p>\n<p>INTEGRA\u00c7\u00c3O OUT-OF-THE-BOX COM MICROSOFT TEAMS.<\/p>\n<p>GOVERNA\u00c7\u00c3O DE GRUPOS DO MICROSOFT TEAMS.<\/p>\n<p>GEST\u00c3O DE REUNI\u00d5ES E CONTROLO E ACOMPANHAMENTO DAS DECIS\u00d5ES TOMADAS.<\/p>\n<p>PRODU\u00c7\u00c3O DE INDICADORES.[\/vc_column_text][\/vc_column][vc_column width=&#8221;1\/4&#8243;]\n            <div class=\"vcg-icon-L7a0VR12pt  vcg-icon  vc_custom_1602779975465\">\n                \n                \n                                            <i class=\"icon-check\" style=\"color: #000000; font-size: 60px\"><\/i>\n                    \n                            <\/div>\n\n        [vc_column_text]FLUXOS DE INFORMA\u00c7\u00c3O \u201cEND-TO-END\u201d, SEM INTERRUP\u00c7\u00c3O ENTRE DEPARTAMENTOS E PLATAFORMAS.<\/p>\n<p>COMPLIANCE E CONTROLO DE PROCESSOS CR\u00cdTICOS DENTRO DAS ORGANIZA\u00c7\u00d5ES<br \/>\nINTEGRA\u00c7\u00c3O CERTIFICADA OUT-OF-THE-BOX COM ERP\u2019s.[\/vc_column_text][\/vc_column][vc_column width=&#8221;1\/4&#8243;]\n            <div class=\"vcg-icon-3TNH4m6PVc  vcg-icon  vc_custom_1602779944810\">\n                \n                \n                                            <i class=\"fa fa-sliders\" style=\"color: #000000; font-size: 60px\"><\/i>\n                    \n                            <\/div>\n\n        [vc_column_text]INTEIRAMENTE CONFIGUR\u00c1VEL PELOS UTILIZADORES.<\/p>\n<p>FILOSOFIA \u201cNO CODE\u201d &#8211; SEM NECESSIDADE DE RECORRER AO IT.<\/p>\n<p>ADAPTA\u00c7\u00c3O \u00c0 FERRAMENTA F\u00c1CIL COM TEMPOS DE APRENDIZAGEM MUITO CURTOS.<\/p>\n<p>METODOLOGIA DE IMPLEMENTA\u00c7\u00c3O \u00c1GIL.<\/p>\n<p>SUPORTE A RGPD E ISO 27.001.[\/vc_column_text][\/vc_column][vc_column width=&#8221;1\/4&#8243;]\n            <div class=\"vcg-icon-kqFHDPh3oM  vcg-icon  vc_custom_1602780055327\">\n                \n                \n                                            <i class=\"fa fa-sitemap\" style=\"color: #000000; font-size: 60px\"><\/i>\n                    \n                            <\/div>\n\n        [vc_column_text]PROCESSOS TORNADOS SIMPLES<\/p>\n<p>CAPACIDADE DE COMECAR AD-HOC E EVOLUIR PARA A CONFIGURA\u00c7\u00c3O DE WORKFLOWS COMPLEXOS.<\/p>\n<p>RESULTADOS R\u00c1PIDOS.<\/p>\n<p>ADAPT\u00c1VEL AO N\u00cdVEL DE MATURIDADE DOS PROCESSOS DE CADA DEPARTAMENTO OU ORGANIZA\u00c7\u00c3O.<\/p>\n<p>GOVERNA\u00c7\u00c3O E MELHORIA CONTINUA DOS PROCESSOS IMPLEMENTADOS.[\/vc_column_text][\/vc_column][\/vc_row][vc_row max_width_alignment=&#8221;left&#8221; css=&#8221;.vc_custom_1678896850192{padding-top: 140px !important;padding-bottom: 140px !important;}&#8221;][vc_column width=&#8221;1\/3&#8243;][vc_column_text]<\/p>\n<h4><span style=\"font-size: 21px;\">Uma solu\u00e7\u00e3o com benef\u00edcios claros.<\/span><\/h4>\n<p>[\/vc_column_text][\/vc_column][vc_column width=&#8221;2\/3&#8243;][vc_column_text]<span style=\"font-size: 16px;\">Solu\u00e7\u00e3o \u201cfull service\u201d que permite a digitaliza\u00e7\u00e3o integral da informa\u00e7\u00e3o e a automa\u00e7\u00e3o dos processos.<\/span><\/p>\n<p><span style=\"font-size: 16px;\">Facilita o trabalho colaborativo, a sistematiza\u00e7\u00e3o dos processos e a gest\u00e3o inteiramente digital do ciclo de vida da informa\u00e7\u00e3o.<\/span><\/p>\n<p><span style=\"font-size: 16px;\">Tem uma metodologia de implementa\u00e7\u00e3o \u00e1gil que se adapta \u00e0s necessidades da sua organiza\u00e7\u00e3o e permite indicadores de produtividade e performance ao longo da organiza\u00e7\u00e3o,<\/span><\/p>\n<p><span style=\"font-size: 16px;\">Impulsiona o trabalho colaborativo,<\/span><\/p>\n<p><span style=\"font-size: 16px;\">\u00c9 totalmente integr\u00e1vel com as (suas) outras plataformas e aplica\u00e7\u00f5es.<\/span><\/p>\n<p><span style=\"font-size: 16px;\">Facilita o dia-a-dia dos utilizadores, desde o momento da rece\u00e7\u00e3o de informa\u00e7\u00e3o at\u00e9 ao tratamento e arquivo digital da mesma.<\/span>[\/vc_column_text][\/vc_column][\/vc_row][vc_row full_width=&#8221;stretch_row&#8221; full_height=&#8221;yes&#8221; css=&#8221;.vc_custom_1665932353684{padding-top: 0px !important;padding-bottom: 100px !important;background-color: #eae9e5 !important;background-position: center !important;background-repeat: no-repeat !important;background-size: cover !important;}&#8221; el_class=&#8221;price-plans&#8221;][vc_column][vc_row_inner content_placement=&#8221;top&#8221; gap=&#8221;10&#8243; css=&#8221;.vc_custom_1665932176383{padding-right: 80px !important;padding-left: 80px !important;border-radius: 15px !important;}&#8221;][vc_column_inner]\n            \n            <div class=\"vcg-heading vcg-heading-59lQiYWbfN  vc_custom_1610452923298\">\n                                    <h3 class=\"vcg-heading-content vcg-heading-align-center size-60px \" style=\"color: #000000; font-weight: 700; ; ; ; ; \">\n                                                USE CASES TESTIMONIALS                    <\/h3>\n                            <\/div>\n\n        [\/vc_column_inner][vc_column_inner width=&#8221;1\/3&#8243;][vc_video link=&#8221;https:\/\/www.youtube.com\/watch?v=DZ_Qf68Bj80&amp;feature=youtu.be&#8221; title=&#8221;Casa da Moeda&#8221; css=&#8221;.vc_custom_1611660733228{border-radius: 5px !important;}&#8221;][vc_column_text]<\/p>\n<p>INTEGRATION WITH SAP ERP<\/p>\n<p>edoclink Enterprise enhances the speed and end-to-end efficiency of your organization&#8217;s business processes, swiftly and intuitively, through its certified integration with the different SAP ERP modules. Get to know the impact this integration can have in your organization, thru the testimony of INCM.[\/vc_column_text][\/vc_column_inner][vc_column_inner el_class=&#8221;cta-form&#8221; width=&#8221;1\/3&#8243; padding_tablet=&#8221;20px 5px 0px 5px&#8221;][vc_video link=&#8221;https:\/\/www.youtube.com\/watch?v=1fXEUm0knuE&amp;feature=youtu.be&#8221; title=&#8221;Cr\u00e9dito Agr\u00edcola&#8221; css=&#8221;.vc_custom_1611660741669{border-radius: 5px !important;}&#8221;][vc_column_text]<\/p>\n<p>COLLABORATIVE WORK<\/p>\n<p>Want to know how to save time, facilitate collaborative work in your organization and centralize the management of your Teams groups? Get ready for the new work paradigms and your organization&#8217;s governance challenges. And find out how the Cr\u00e9dito Agr\u00edcola Group gained time with the use of edoclink Enterprise.[\/vc_column_text][\/vc_column_inner][vc_column_inner width=&#8221;1\/3&#8243;][vc_video link=&#8221;https:\/\/youtu.be\/wKrDXC-6u0A&#8221; title=&#8221;EPAL&#8221; css=&#8221;.vc_custom_1611660749681{border-radius: 5px !important;}&#8221;][vc_column_text]<\/p>\n<p>WORKFLOWS MADE SIMPLE<\/p>\n<p>One of the advantages of edoclink Enterprise is its case tool that enhances the quick creation of &#8220;no-code&#8221; workflows. Organizations gain the flexibility to speedily automate their processes, from simple ad hoc cases to their most complex and structured workflows. Learn more thru EPAL&#8217;s testimony.[\/vc_column_text][\/vc_column_inner][\/vc_row_inner][\/vc_column][\/vc_row][vc_row disable_element=&#8221;yes&#8221; css=&#8221;.vc_custom_1665762392414{margin-bottom: 60px !important;}&#8221;][vc_column el_class=&#8221;mkt-tabs&#8221;][vc_tta_tabs style=&#8221;outline&#8221; shape=&#8221;square&#8221; color=&#8221;black&#8221; spacing=&#8221;5&#8243; gap=&#8221;20&#8243; autoplay=&#8221;3&#8243; active_section=&#8221;1&#8243; no_fill_content_area=&#8221;true&#8221;][vc_tta_section title=&#8221;Intuitivo.&#8221; tab_id=&#8221;1602784776653-e767c7c0-f5d4&#8243;][vc_column_text]<\/p>\n<p>Uma solu\u00e7\u00e3o f\u00e1cil de implementar e utilizar<\/p>\n<p>Com navega\u00e7\u00e3o simples e flu\u00edda<br \/>\nTempo de aprendizagem muito curto<br \/>\nUtiliza\u00e7\u00e3o de linguagem natural<br \/>\nConfigura\u00e7\u00e3o pelos pr\u00f3prios utilizadores sem necessidade de apoio t\u00e9cnico<br \/>\nControlo do trabalho e dos prazos a cumprir numa \u00fanica ferramenta, realizando o tracking da informa\u00e7\u00e3o partilhada, tendo todos os registos e vers\u00f5es atualizadas, sem perdas de informa\u00e7\u00e3o.<br \/>\n[\/vc_column_text][\/vc_tta_section][vc_tta_section title=&#8221;Seguro.&#8221; tab_id=&#8221;1602784776689-ac59e6bb-3498&#8243;][vc_column_text]<\/p>\n<p>Uma confian\u00e7a constru\u00edda no dia-a-dia<\/p>\n<p>Evolu\u00e7\u00e3o de um produto com x anos e +x implementa\u00e7\u00f5es bem sucedidas,<br \/>\nRastreabilidade total da informa\u00e7\u00e3o,<br \/>\nRGPD compliant,<br \/>\nPartilha de informa\u00e7\u00e3o apenas com os interlocutores espec\u00edficos autorizados.<br \/>\n[\/vc_column_text][\/vc_tta_section][vc_tta_section title=&#8221;Flex\u00edvel.&#8221; tab_id=&#8221;1602784794137-df58eed3-89af&#8221;][vc_column_text]<\/p>\n<p>Uma solu\u00e7\u00e3o altamente parametriz\u00e1vel e adapt\u00e1vel \u00e0 realidade dos utilizadores<\/p>\n<p>Ferramenta organizada, costumiz\u00e1vel, que melhora os tempos de trabalho,<br \/>\nElo de liga\u00e7\u00e3o entre as m\u00faltiplas plataformas que utiliza, para ter toda o fluxo de informa\u00e7\u00e3o integrado (end-to-end),<br \/>\nCapacidade de configurar workflows de acordo com grau de maturidade dos processos: de ad hoc a graus de complexidade elevado,<br \/>\nUma equipa de produto junto a si no dia-a-dia para dar resposta \u00e0s necessidades espec\u00edficas do seu neg\u00f3cio<br \/>\n[\/vc_column_text][\/vc_tta_section][\/vc_tta_tabs][\/vc_column][\/vc_row][vc_row full_width=&#8221;stretch_row&#8221; css=&#8221;.vc_custom_1678897032458{margin-bottom: 60px !important;padding-top: 70px !important;padding-bottom: 70px !important;background-color: #48788e !important;}&#8221;][vc_column el_class=&#8221;industries-text-01&#8243;][vc_custom_heading text=&#8221;edoclink Enterprise a solu\u00e7\u00e3o mais flex\u00edvel para transformar os seus fluxos de informa\u00e7\u00e3o e processos de neg\u00f3cio.&#8221; font_container=&#8221;tag:h2|text_align:center|color:%23ffffff&#8221; use_theme_fonts=&#8221;yes&#8221;][\/vc_column][\/vc_row][vc_row css=&#8221;.vc_custom_1678896972415{padding-top: 70px !important;padding-bottom: 70px !important;}&#8221;][vc_column width=&#8221;1\/4&#8243;][\/vc_column][vc_column width=&#8221;1\/2&#8243;][vc_column_text]<\/p>\n<p style=\"text-align: center;\"><strong><span style=\"font-size: 21px;\">Para processos verdadeiramente digitais e focados na otimiza\u00e7\u00e3o do seu tempo, da sua informa\u00e7\u00e3o e dos seus fluxos de informa\u00e7\u00e3o, financeiros e de neg\u00f3cio.<\/span><\/strong><\/p>\n<p style=\"text-align: center;\"><strong><span style=\"font-size: 21px;\">Porque integramos a nossa solu\u00e7\u00e3o de forma r\u00e1pida e pr\u00e9-configurada com SAP, X3, ou qualquer outro ERP.<\/span><\/strong><\/p>\n<p style=\"text-align: center;\"><strong><span style=\"font-size: 21px;\">Tal como, com as suas aplica\u00e7\u00f5es de neg\u00f3cio e com as suas solu\u00e7\u00f5es de de trabalho colaborativo.<\/span><\/strong><\/p>\n<p>[\/vc_column_text][\/vc_column][vc_column width=&#8221;1\/4&#8243;][\/vc_column][\/vc_row][vc_row css=&#8221;.vc_custom_1675873009828{padding-top: 60px !important;padding-bottom: 30px !important;}&#8221; el_class=&#8221;cta-buttons&#8221; el_id=&#8221;CTA&#8221;][vc_column][vc_row_inner css=&#8221;.vc_custom_1610367846989{margin-right: 5px !important;margin-left: 5px !important;border-top-width: 1px !important;border-right-width: 1px !important;border-bottom-width: 1px !important;border-left-width: 1px !important;padding-top: 30px !important;padding-right: 10px !important;padding-bottom: 30px !important;padding-left: 10px !important;background-color: #f7f7f7 !important;border-left-color: #f0f0f0 !important;border-left-style: solid !important;border-right-color: #f0f0f0 !important;border-right-style: solid !important;border-top-color: #f0f0f0 !important;border-top-style: solid !important;border-bottom-color: #f0f0f0 !important;border-bottom-style: solid !important;border-radius: 15px !important;}&#8221;][vc_column_inner width=&#8221;1\/6&#8243;][\/vc_column_inner][vc_column_inner width=&#8221;2\/3&#8243;][vc_empty_space][vc_cta h2=&#8221;Consegue imaginar?&#8221; h4=&#8221;Tornar o seu trabalho e a sua organiza\u00e7\u00e3o mais simples e flu\u00edda. Agilizando qualquer modelo de funcionamento, nomeadamente regimes h\u00edbridos e de teletrabalho.&#8221; txt_align=&#8221;center&#8221; add_icon=&#8221;top&#8221; i_icon_fontawesome=&#8221;fas fa-arrow-alt-circle-down&#8221; i_color=&#8221;custom&#8221; i_background_style=&#8221;rounded&#8221; i_background_color=&#8221;custom&#8221; i_size=&#8221;lg&#8221; i_on_border=&#8221;true&#8221; i_custom_color=&#8221;#ffb024&#8243; i_custom_background_color=&#8221;#ffffff&#8221;][\/vc_cta][\/vc_column_inner][vc_column_inner width=&#8221;1\/6&#8243;][\/vc_column_inner][\/vc_row_inner][\/vc_column][\/vc_row]<\/p>\n<\/section>","protected":false},"excerpt":{"rendered":"<p>[vc_section full_width=&#8221;stretch_row&#8221; css=&#8221;.vc_custom_1678899693424{margin-top: -60px !important;padding-top: 160px !important;padding-bottom: 40px !important;background-image: url(https:\/\/linkconsulting.com\/edoclink\/wp-content\/uploads\/sites\/8\/2023\/02\/Link-edoclink_Enterprise.jpg?id=238) !important;background-position: center !important;background-repeat: no-repeat !important;background-size: cover !important;}&#8221; el_class=&#8221;microsites-header-01&#8243;][vc_row full_width=&#8221;stretch_row&#8221; overflow=&#8221;default&#8221;][vc_column width=&#8221;7\/12&#8243; el_class=&#8221;industries-text-01&#8243;][vc_custom_heading text=&#8221;Desmaterializa\u00e7\u00e3o e automa\u00e7\u00e3o \u00e1gil de processos. Conhe\u00e7a o edoclink Enterprise.&#8221; font_container=&#8221;tag:h2|font_size:44|text_align:left|color:%23f7f7f7&#8243; use_theme_fonts=&#8221;yes&#8221; css_animation=&#8221;fadeInUp&#8221;][vc_empty_space][vc_btn title=&#8221;Contacte-nos para uma solu\u00e7\u00e3o adequada ao seu neg\u00f3cio!&#8221; style=&#8221;gradient-custom&#8221; gradient_custom_color_1=&#8221;#ff613a&#8221;&#8230;<\/p>\n","protected":false},"author":3,"featured_media":0,"parent":0,"menu_order":0,"comment_status":"closed","ping_status":"closed","template":"","meta":{"_links_to":"","_links_to_target":""},"categories":[],"_links":{"self":[{"href":"https:\/\/linkconsulting.com\/edoclink\/wp-json\/wp\/v2\/pages\/26"}],"collection":[{"href":"https:\/\/linkconsulting.com\/edoclink\/wp-json\/wp\/v2\/pages"}],"about":[{"href":"https:\/\/linkconsulting.com\/edoclink\/wp-json\/wp\/v2\/types\/page"}],"author":[{"embeddable":true,"href":"https:\/\/linkconsulting.com\/edoclink\/wp-json\/wp\/v2\/users\/3"}],"replies":[{"embeddable":true,"href":"https:\/\/linkconsulting.com\/edoclink\/wp-json\/wp\/v2\/comments?post=26"}],"version-history":[{"count":25,"href":"https:\/\/linkconsulting.com\/edoclink\/wp-json\/wp\/v2\/pages\/26\/revisions"}],"predecessor-version":[{"id":144,"href":"https:\/\/linkconsulting.com\/edoclink\/wp-json\/wp\/v2\/pages\/26\/revisions\/144"}],"wp:attachment":[{"href":"https:\/\/linkconsulting.com\/edoclink\/wp-json\/wp\/v2\/media?parent=26"}],"wp:term":[{"taxonomy":"category","embeddable":true,"href":"https:\/\/linkconsulting.com\/edoclink\/wp-json\/wp\/v2\/categories?post=26"}],"curies":[{"name":"wp","href":"https:\/\/api.w.org\/{rel}","templated":true}]}}