{"id":28,"date":"2023-02-08T14:36:13","date_gmt":"2023-02-08T14:36:13","guid":{"rendered":"https:\/\/linkconsulting.com\/edoclink\/enterprise-copy\/"},"modified":"2023-03-15T17:10:18","modified_gmt":"2023-03-15T17:10:18","slug":"public-sector","status":"publish","type":"page","link":"https:\/\/linkconsulting.com\/edoclink\/public-sector\/","title":{"rendered":"edoclink Public Sector \u2013 Gest\u00e3o Documental para a Administra\u00e7\u00e3o P\u00fablica"},"content":{"rendered":"<section class=\"wpb-content-wrapper\"><p>[vc_section full_width=&#8221;stretch_row&#8221; css=&#8221;.vc_custom_1678899635625{margin-top: -60px !important;padding-top: 160px !important;padding-bottom: 40px !important;background-image: url(https:\/\/linkconsulting.com\/edoclink\/wp-content\/uploads\/sites\/8\/2023\/02\/Link-edoclink_Public_Sector.jpg?id=239) !important;background-position: center !important;background-repeat: no-repeat !important;background-size: cover !important;}&#8221; el_class=&#8221;microsites-header-01&#8243;][vc_row full_width=&#8221;stretch_row&#8221; content_placement=&#8221;bottom&#8221; overflow=&#8221;default&#8221;][vc_column width=&#8221;7\/12&#8243;][vc_custom_heading text=&#8221;Gest\u00e3o documental para a transforma\u00e7\u00e3o da Administra\u00e7\u00e3o P\u00fablica\u2028.<br \/>\nCom o edoclink Public Sector.&#8221; font_container=&#8221;tag:h2|font_size:44|text_align:left|color:%23f7f7f7&#8243; use_theme_fonts=&#8221;yes&#8221; css_animation=&#8221;fadeInUp&#8221;][vc_empty_space][vc_btn title=&#8221;Contacte-nos para uma solu\u00e7\u00e3o adequada ao seu neg\u00f3cio!&#8221; style=&#8221;gradient-custom&#8221; gradient_custom_color_1=&#8221;#ff613a&#8221; gradient_custom_color_2=&#8221;#ffb523&#8243; shape=&#8221;round&#8221; size=&#8221;lg&#8221; i_icon_fontawesome=&#8221;fas fa-arrow-alt-circle-down&#8221; css_animation=&#8221;fadeInUp&#8221; add_icon=&#8221;true&#8221; link=&#8221;url:%23CTA&#8221; el_class=&#8221;btn-cta&#8221;][\/vc_column][vc_column width=&#8221;5\/12&#8243; css=&#8221;.vc_custom_1678898437973{margin-top: 20px !important;border-bottom-width: 20px !important;}&#8221;][\/vc_column][\/vc_row][vc_row][vc_column][vc_empty_space height=&#8221;200px&#8221;][vc_icon icon_fontawesome=&#8221;fas fa-angle-down&#8221; color=&#8221;white&#8221; background_style=&#8221;rounded-outline&#8221; background_color=&#8221;white&#8221; size=&#8221;lg&#8221; align=&#8221;center&#8221; link=&#8221;url:%23know-more&#8221; el_id=&#8221;know-more&#8221;][\/vc_column][\/vc_row][\/vc_section][vc_section css=&#8221;.vc_custom_1675276738529{padding-top: 160px !important;}&#8221;][vc_row el_class=&#8221;know-more&#8221;][vc_column width=&#8221;1\/3&#8243; el_class=&#8221;industries-text-01&#8243;][vc_column_text el_class=&#8221;industries-text-01&#8243;]<\/p>\n<h3><span style=\"font-size: 21px;\">Com o edoclink Public Sector, mais do que desmaterializar processos, criamos fluxos perfeitos de informa\u00e7\u00e3o.<\/span><\/h3>\n<h3><span style=\"font-size: 21px;\">Com fluxos de informa\u00e7\u00e3o cont\u00ednuos e integrados ponta-a-ponta.<\/span><\/h3>\n<p>[\/vc_column_text][\/vc_column][vc_column width=&#8221;2\/3&#8243;][vc_column_text el_class=&#8221;industries-text-01&#8243;]Dos canais de comunica\u00e7\u00e3o com o cidad\u00e3o, aos processos de trabalho acess\u00edveis a qualquer altura e em qualquer lugar e interligados com os diversos servi\u00e7os e organismos do estado.<\/p>\n<p>Acess\u00edvel, simples e flu\u00edda. Seja a AP do futuro![\/vc_column_text][vc_empty_space][vc_column_text el_class=&#8221;industries-text-02&#8243;]Uma solu\u00e7\u00e3o constru\u00edda com a Administra\u00e7\u00e3o P\u00fablica, para a Administra\u00e7\u00e3o P\u00fablica.<\/p>\n<p>Com mais de 200 instala\u00e7\u00f5es, conhecemos bem os desafios que a AP atual &#8211; que se quer digital e preocupada com os seus cidad\u00e3os &#8211; enfrenta.<\/p>\n<p>E por isso temos a confian\u00e7a, que a nossa solu\u00e7\u00e3o faz muito mais que \u201capenas\u201d desmaterializar processos. Resolve problemas de base, em muitos fluxos de informa\u00e7\u00e3o cr\u00edticos, desde a Contrata\u00e7\u00e3o P\u00fablica \u00e0 Aprova\u00e7\u00e3o de Faturas, desde a Gest\u00e3o de Expediente aos Circuitos de Aprova\u00e7\u00e3o.[\/vc_column_text][\/vc_column][\/vc_row][vc_row css=&#8221;.vc_custom_1666000215319{margin-top: 60px !important;}&#8221; el_id=&#8221;features&#8221; el_class=&#8221;arrow-down&#8221;][vc_column el_class=&#8221;industries-text-01&#8243;][vc_icon icon_fontawesome=&#8221;fas fa-arrow-down&#8221; color=&#8221;white&#8221; background_style=&#8221;rounded&#8221; size=&#8221;lg&#8221; align=&#8221;center&#8221; link=&#8221;url:%23features&#8221;][\/vc_column][\/vc_row][\/vc_section][vc_row full_width=&#8221;stretch_row_content&#8221; equal_height=&#8221;yes&#8221; content_placement=&#8221;middle&#8221; css=&#8221;.vc_custom_1665929258669{margin-top: 60px !important;margin-bottom: 1px !important;background-color: #00879d !important;}&#8221;][vc_column width=&#8221;5\/12&#8243; css=&#8221;.vc_custom_1665929438659{margin-right: 40px !important;background-image: url(https:\/\/linkconsulting.com\/wp-content\/uploads\/2021\/07\/Link-OnlineDesk-01.jpg?id=9311) !important;background-position: center !important;background-repeat: no-repeat !important;background-size: cover !important;}&#8221;][vc_empty_space height=&#8221;200&#8243;][\/vc_column][vc_column width=&#8221;6\/12&#8243; el_class=&#8221;industries-text-01&#8243; css=&#8221;.vc_custom_1665759544264{padding-top: 100px !important;padding-bottom: 60px !important;}&#8221;][vc_column_text]<span style=\"font-size: 18px; color: #ffffff;\">Com grande facilidade de implementa\u00e7\u00e3o, automa\u00e7\u00e3o dos fluxos da AP, assinaturas eletr\u00f3nicas integradas, agiliza\u00e7\u00e3o na produ\u00e7\u00e3o de documentos \u2013 com templates pr\u00e9-definidos e preenchimento autom\u00e1tico de vari\u00e1veis \u2013 e autonomia total dos utilizadores,\u00a0o edoclink public sector.<\/span><\/p>\n<p><span style=\"font-size: 18px; color: #ffffff;\">Agiliza os fluxos de aprova\u00e7\u00e3o, e os workflows internos e externos da sua organiza\u00e7\u00e3o.<\/span>[\/vc_column_text][\/vc_column][vc_column width=&#8221;1\/12&#8243;][\/vc_column][\/vc_row][vc_row full_width=&#8221;stretch_row&#8221; css=&#8221;.vc_custom_1665855847205{margin-top: 0px !important;padding-top: 60px !important;padding-bottom: 60px !important;background-color: #e6f4f7 !important;}&#8221;][vc_column width=&#8221;1\/4&#8243;]\n            <div class=\"vcg-icon-Sa1tdOVz0i  vcg-icon  vc_custom_1602777355919\">\n                \n                \n                                            <i class=\"fa fa-compress\" style=\"color: #000000; font-size: 60px\"><\/i>\n                    \n                            <\/div>\n\n        [vc_column_text]AGILIZA\u00c7\u00c3O DOS CANAIS DE COMUNICA\u00c7\u00c3O, EXTERNOS E INTERNOS.<\/p>\n<p>PORTAL DE SERVI\u00c7OS ONLINE &#8211; CANAL CIDAD\u00c3OS.<\/p>\n<p>PORTAL DE SERVI\u00c7OS SELF-SERVICE \u2013 CANAL INTERNO.<\/p>\n<p>INTEGRA\u00c7\u00c3O OUT-OF-THE-BOX COM MICROSOFT TEAMS.<\/p>\n<p>PRODU\u00c7\u00c3O DE INDICADORES DE ATENDIMENTO[\/vc_column_text][\/vc_column][vc_column width=&#8221;1\/4&#8243;]\n            <div class=\"vcg-icon-6wDiMaoU2m  vcg-icon  vc_custom_1602779975465\">\n                \n                \n                                            <i class=\"icon-check\" style=\"color: #000000; font-size: 60px\"><\/i>\n                    \n                            <\/div>\n\n        [vc_column_text]INTEROPERABILIDADE END-TO-END DOS FLUXOS DE INFORMA\u00c7\u00c3O, SEM INTERRUP\u00c7\u00c3O ENTRE DEPARTAMENTOS, ORGANISMOS E PLATAFORMAS.<\/p>\n<p>CONTROLO DOS PROCESSOS CR\u00cdTICOS E COMPLIANCE.<\/p>\n<p>ASSINATURAS DIGITAIS INTEGRADAS.<\/p>\n<p>GEST\u00c3O DE REUNI\u00d5ES E ACOMPANHAMENTO DAS DECIS\u00d5ES TOMADAS.<\/p>\n<p>INTEGRA\u00c7\u00c3O OUT-OF-THE-BOX COM OS SERVI\u00c7OS TRANSVERSAIS DA AP \u2013 COMO A AMA E A ESPAP.[\/vc_column_text][\/vc_column][vc_column width=&#8221;1\/4&#8243;]\n            <div class=\"vcg-icon-SU7hc5fB0Q  vcg-icon  vc_custom_1602779944810\">\n                \n                \n                                            <i class=\"fa fa-sliders\" style=\"color: #000000; font-size: 60px\"><\/i>\n                    \n                            <\/div>\n\n        [vc_column_text]INTEIRAMENTE PARAMETRIZ\u00c1VEL PELOS UTILIZADORES.<\/p>\n<p>FILOSOFIA \u201cNO CODE\u201d &#8211; SEM NECESSIDADE DE RECORRER AO IT.<\/p>\n<p>PRODU\u00c7\u00c3O AUTOM\u00c1TICA DE DOCUMENTOS.<\/p>\n<p>ADAPTA\u00c7\u00c3O F\u00c1CIL \u00c0 FERRAMENTA, COM TEMPOS DE APRENDIZAGEM MUITO CURTOS.<\/p>\n<p>METODOLOGIA DE IMPLEMENTA\u00c7\u00c3O \u00c1GIL.<\/p>\n<p>SUPORTE AO RGPD E ISO 27.001.[\/vc_column_text][\/vc_column][vc_column width=&#8221;1\/4&#8243;]\n            <div class=\"vcg-icon-FAlQZ4BEmu  vcg-icon  vc_custom_1602780055327\">\n                \n                \n                                            <i class=\"fa fa-sitemap\" style=\"color: #000000; font-size: 60px\"><\/i>\n                    \n                            <\/div>\n\n        [vc_column_text]PROCESSOS TORNADOS SIMPLES.<\/p>\n<p>ADAPT\u00c1VEL A QUALQUER TIPO DE PROCESSO, DE SIMPLES AD-HOC A WORKFLOWS COMPLEXOS.<\/p>\n<p>WORKFLOWS PREPARADOS PARA OS NOVOS PARADIGMAS DO TRABALHO \u2013 REMOTO \/ H\u00cdBRIDO \/ EM MOBILIDADE.<\/p>\n<p>RESULTADOS R\u00c1PIDOS E VIS\u00cdVEIS.<\/p>\n<p>AUTONOMIA TOTAL NA IMPLEMENTA\u00c7\u00c3O DE NOVOS PROCESSOS.<\/p>\n<p>GOVERNA\u00c7\u00c3O E MELHORIA CONTINUA DOS PROCESSOS IMPLEMENTADOS.[\/vc_column_text][\/vc_column][\/vc_row][vc_row full_width=&#8221;stretch_row&#8221; css=&#8221;.vc_custom_1678897177674{margin-bottom: 60px !important;padding-top: 70px !important;padding-bottom: 70px !important;background-color: #48788e !important;}&#8221;][vc_column el_class=&#8221;industries-text-01&#8243;][vc_column_text]<strong><span style=\"font-size: 24px; color: #ededed;\">Da contrata\u00e7\u00e3o p\u00fablica \u00e0 aprova\u00e7\u00e3o de faturas.<\/span><\/strong><\/p>\n<p><span style=\"font-size: 24px; color: #ededed;\">Mais do que uma ferramenta tradicional de workflows ou gest\u00e3o documental, com o edoclink public sector, resolve de base os desafios dos seus processos cr\u00edticos \u2013 como o da contrata\u00e7\u00e3o &#8211; automatizando os fluxos do in\u00edcio ao fim.<\/span>[\/vc_column_text][\/vc_column][\/vc_row][vc_row css=&#8221;.vc_custom_1665937842510{margin-bottom: 60px !important;}&#8221;][vc_column el_class=&#8221;mkt-tabs&#8221;][vc_custom_heading text=&#8221;Uma solu\u00e7\u00e3o com benef\u00edcios claros para a Administra\u00e7\u00e3o P\u00fablica:&#8221; use_theme_fonts=&#8221;yes&#8221; css=&#8221;.vc_custom_1678897276923{margin-bottom: 50px !important;}&#8221;][vc_tta_tabs style=&#8221;outline&#8221; shape=&#8221;square&#8221; color=&#8221;black&#8221; spacing=&#8221;5&#8243; gap=&#8221;20&#8243; autoplay=&#8221;3&#8243; active_section=&#8221;1&#8243; no_fill_content_area=&#8221;true&#8221;][vc_tta_section title=&#8221;Cidad\u00e3os&#8221; tab_id=&#8221;cidadaos&#8221;][vc_column_text]<span style=\"font-size: 18px;\">Portal de servi\u00e7os online \u2013 Online Desk \u2013 para disponibiliza\u00e7\u00e3o de servi\u00e7os, em modelo self-service, aos cidad\u00e3os (canal externo).<\/span><\/p>\n<p><span style=\"font-size: 18px;\">Implementa\u00e7\u00e3o de servi\u00e7os de acordo com as necessidades de neg\u00f3cio especificas de cada organismo \u2013 local ou central.<\/span><\/p>\n<p><span style=\"font-size: 18px;\">Servi\u00e7os transversais, como Pedidos de informa\u00e7\u00e3o e Reclama\u00e7\u00f5es &#8211; entre outros.<\/span><\/p>\n<p><span style=\"font-size: 18px;\">Aplica\u00e7\u00e3o \u201cNo Code\u201d facilmente parametriz\u00e1vel a partir do <em>backoffice<\/em> do utilizador.<\/span><\/p>\n<p><span style=\"font-size: 18px;\">Portal integrado de base com a solu\u00e7\u00e3o Back Office do edoclink public sector e integr\u00e1vel com qualquer outra solu\u00e7\u00e3o de <em>backoffice<\/em> existente.<\/span><\/p>\n<p><span style=\"font-size: 18px;\">Indicadores de gest\u00e3o sobre o n\u00edvel de atendimento.<\/span>[\/vc_column_text][\/vc_tta_section][vc_tta_section title=&#8221;Organismos P\u00fablicos&#8221; tab_id=&#8221;organismos-publicos&#8221;][vc_column_text]<span style=\"font-size: 18px;\">Integra\u00e7\u00e3o out-of-the-box com os servi\u00e7os transversais do Estado e interoperabilidade com os outros Organismos da AP.<\/span><\/p>\n<p><span style=\"font-size: 18px;\">Gateway de Pagamentos.<\/span><\/p>\n<p><span style=\"font-size: 18px;\">Gateways de SMS.<\/span><\/p>\n<p><span style=\"font-size: 18px;\">Assinaturas Digitais \u2013 CC, CMD, SCAP.<\/span><\/p>\n<p><span style=\"font-size: 18px;\">iAP &#8211; Plataforma de interoperabilidade, para troca de documentos de forma desmaterializada com os outros organismos da AP.<\/span><\/p>\n<p><span style=\"font-size: 18px;\">Partilha segura de documentos com defini\u00e7\u00e3o de direitos.<\/span>[\/vc_column_text][\/vc_tta_section][vc_tta_section title=&#8221;Colaboradores&#8221; tab_id=&#8221;colaboradores&#8221;][vc_column_text]<span style=\"font-size: 18px;\">Portal <em>self-service<\/em> para dar resposta \u00e0s necessidades de comunica\u00e7\u00e3o com a organiza\u00e7\u00e3o (canal interno), e automa\u00e7\u00e3o dos fluxos essenciais \u00e0 gest\u00e3o dos RH da organiza\u00e7\u00e3o, como:<\/span><\/p>\n<p><span style=\"font-size: 18px;\">Ajudas de custo.<\/span><br \/>\n<span style=\"font-size: 18px;\">Pedidos de desloca\u00e7\u00f5es.<\/span><br \/>\n<span style=\"font-size: 18px;\">Justifica\u00e7\u00e3o de aus\u00eancias<\/span><br \/>\n<span style=\"font-size: 18px;\">Forma\u00e7\u00e3o.<\/span><br \/>\n<span style=\"font-size: 18px;\">Pedidos de Mobilidade.<\/span>[\/vc_column_text][\/vc_tta_section][\/vc_tta_tabs][\/vc_column][\/vc_row][vc_row css=&#8221;.vc_custom_1675873224278{padding-top: 60px !important;padding-bottom: 30px !important;}&#8221; el_class=&#8221;cta-buttons&#8221; el_id=&#8221;CTA&#8221;][vc_column][vc_row_inner css=&#8221;.vc_custom_1610367846989{margin-right: 5px !important;margin-left: 5px !important;border-top-width: 1px !important;border-right-width: 1px !important;border-bottom-width: 1px !important;border-left-width: 1px !important;padding-top: 30px !important;padding-right: 10px !important;padding-bottom: 30px !important;padding-left: 10px !important;background-color: #f7f7f7 !important;border-left-color: #f0f0f0 !important;border-left-style: solid !important;border-right-color: #f0f0f0 !important;border-right-style: solid !important;border-top-color: #f0f0f0 !important;border-top-style: solid !important;border-bottom-color: #f0f0f0 !important;border-bottom-style: solid !important;border-radius: 15px !important;}&#8221;][vc_column_inner width=&#8221;1\/6&#8243;][\/vc_column_inner][vc_column_inner width=&#8221;2\/3&#8243;][vc_cta h2=&#8221;Consegue imaginar?&#8221; h4=&#8221;Um servi\u00e7o p\u00fablico verdadeiramente flu\u00eddo, a dar resposta aos novos paradigmas do mercado. Com impacto real nos seus principais stakeholders: cidad\u00e3os, organismos p\u00fablicos e colaboradores.&#8221; txt_align=&#8221;center&#8221; add_icon=&#8221;top&#8221; i_icon_fontawesome=&#8221;fas fa-arrow-alt-circle-down&#8221; i_color=&#8221;custom&#8221; i_background_style=&#8221;rounded&#8221; i_background_color=&#8221;custom&#8221; i_size=&#8221;lg&#8221; i_on_border=&#8221;true&#8221; i_custom_color=&#8221;#ffb024&#8243; i_custom_background_color=&#8221;#ffffff&#8221;][\/vc_cta][\/vc_column_inner][vc_column_inner width=&#8221;1\/6&#8243;][\/vc_column_inner][\/vc_row_inner][\/vc_column][\/vc_row]<\/p>\n<\/section>","protected":false},"excerpt":{"rendered":"<p>[vc_section full_width=&#8221;stretch_row&#8221; css=&#8221;.vc_custom_1678899635625{margin-top: -60px !important;padding-top: 160px !important;padding-bottom: 40px !important;background-image: url(https:\/\/linkconsulting.com\/edoclink\/wp-content\/uploads\/sites\/8\/2023\/02\/Link-edoclink_Public_Sector.jpg?id=239) !important;background-position: center !important;background-repeat: no-repeat !important;background-size: cover !important;}&#8221; el_class=&#8221;microsites-header-01&#8243;][vc_row full_width=&#8221;stretch_row&#8221; content_placement=&#8221;bottom&#8221; overflow=&#8221;default&#8221;][vc_column width=&#8221;7\/12&#8243;][vc_custom_heading text=&#8221;Gest\u00e3o documental para a transforma\u00e7\u00e3o da Administra\u00e7\u00e3o P\u00fablica\u2028. Com o edoclink Public Sector.&#8221; font_container=&#8221;tag:h2|font_size:44|text_align:left|color:%23f7f7f7&#8243; use_theme_fonts=&#8221;yes&#8221; css_animation=&#8221;fadeInUp&#8221;][vc_empty_space][vc_btn title=&#8221;Contacte-nos para uma solu\u00e7\u00e3o adequada ao seu&#8230;<\/p>\n","protected":false},"author":3,"featured_media":0,"parent":0,"menu_order":0,"comment_status":"closed","ping_status":"closed","template":"","meta":{"_links_to":"","_links_to_target":""},"categories":[],"_links":{"self":[{"href":"https:\/\/linkconsulting.com\/edoclink\/wp-json\/wp\/v2\/pages\/28"}],"collection":[{"href":"https:\/\/linkconsulting.com\/edoclink\/wp-json\/wp\/v2\/pages"}],"about":[{"href":"https:\/\/linkconsulting.com\/edoclink\/wp-json\/wp\/v2\/types\/page"}],"author":[{"embeddable":true,"href":"https:\/\/linkconsulting.com\/edoclink\/wp-json\/wp\/v2\/users\/3"}],"replies":[{"embeddable":true,"href":"https:\/\/linkconsulting.com\/edoclink\/wp-json\/wp\/v2\/comments?post=28"}],"version-history":[{"count":42,"href":"https:\/\/linkconsulting.com\/edoclink\/wp-json\/wp\/v2\/pages\/28\/revisions"}],"predecessor-version":[{"id":145,"href":"https:\/\/linkconsulting.com\/edoclink\/wp-json\/wp\/v2\/pages\/28\/revisions\/145"}],"wp:attachment":[{"href":"https:\/\/linkconsulting.com\/edoclink\/wp-json\/wp\/v2\/media?parent=28"}],"wp:term":[{"taxonomy":"category","embeddable":true,"href":"https:\/\/linkconsulting.com\/edoclink\/wp-json\/wp\/v2\/categories?post=28"}],"curies":[{"name":"wp","href":"https:\/\/api.w.org\/{rel}","templated":true}]}}