{"id":499,"date":"2016-01-14T22:27:18","date_gmt":"2016-01-14T22:27:18","guid":{"rendered":"http:\/\/194.117.36.107\/managed-infrastructures\/?page_id=499"},"modified":"2021-12-19T10:23:59","modified_gmt":"2021-12-19T10:23:59","slug":"add-it","status":"publish","type":"page","link":"https:\/\/linkconsulting.com\/managed-infrastructures\/solucoes-e-servicos\/managed-services\/add-it\/","title":{"rendered":"Add IT"},"content":{"rendered":"<p><a href=\"http:\/\/194.117.36.107\/managed-infrastructures\/wp-content\/uploads\/sites\/4\/2016\/01\/Linkcom-AddIT.png\"><img loading=\"lazy\" class=\"alignright wp-image-500\" src=\"http:\/\/194.117.36.107\/managed-infrastructures\/wp-content\/uploads\/sites\/4\/2016\/01\/Linkcom-AddIT.png\" alt=\"Linkcom-AddIT\" width=\"302\" height=\"212\" srcset=\"https:\/\/linkconsulting.com\/managed-infrastructures\/wp-content\/uploads\/sites\/4\/2016\/01\/Linkcom-AddIT.png 353w, https:\/\/linkconsulting.com\/managed-infrastructures\/wp-content\/uploads\/sites\/4\/2016\/01\/Linkcom-AddIT-300x212.png 300w\" sizes=\"(max-width: 302px) 100vw, 302px\" \/><\/a><\/p>\n<h3>Poder\u00e1 ainda complementar as novas solu\u00e7\u00f5es de servi\u00e7os de implementa\u00e7\u00e3o e manuten\u00e7\u00e3o da Linkcom, com as seguintes ofertas<\/h3>\n<p><span style=\"color: #ff9900\"><strong>Hour Packs<br \/>\n<\/strong><\/span>Pacotes de horas de servi\u00e7os de IT para manuten\u00e7\u00e3o da infra-estrutura ou para interven\u00e7\u00f5es correctivas aquando de ocorr\u00eancias t\u00e9cnicas.<\/p>\n<p><span style=\"color: #ff9900\"><strong>Disaster Recovery<\/strong><\/span><br \/>\nA informa\u00e7\u00e3o \u00e9 essencial para a sua empresa. Com o servi\u00e7o de Disaster Recovery da Linkcom, certifique-se de que esta fica assegurada.<\/p>\n<p><span style=\"color: #ff9900\"><strong>On-call Service<\/strong><\/span><br \/>\nServi\u00e7o de preven\u00e7\u00e3o t\u00e9cnica, para sistemas que n\u00e3o podem falhar.<\/p>\n<p><span style=\"color: #ff9900\"><strong>Move Your IT<\/strong><\/span><br \/>\nUma mudan\u00e7a de instala\u00e7\u00f5es tem que ser bem planeada em termos de infra-estrutura, para evitar perdas de produtividade, de informa\u00e7\u00e3o e estragos nos equipamentos. A Linkcom assegura uma mudan\u00e7a adequada do seu IT.<\/p>\n","protected":false},"excerpt":{"rendered":"<p>Poder\u00e1 ainda complementar as novas solu\u00e7\u00f5es de servi\u00e7os de implementa\u00e7\u00e3o e manuten\u00e7\u00e3o da Linkcom, com as seguintes ofertas Hour Packs Pacotes de horas de servi\u00e7os de IT para manuten\u00e7\u00e3o da infra-estrutura ou&#8230;<\/p>\n","protected":false},"author":3,"featured_media":0,"parent":480,"menu_order":2,"comment_status":"closed","ping_status":"closed","template":"","meta":[],"categories":[23],"_links":{"self":[{"href":"https:\/\/linkconsulting.com\/managed-infrastructures\/wp-json\/wp\/v2\/pages\/499"}],"collection":[{"href":"https:\/\/linkconsulting.com\/managed-infrastructures\/wp-json\/wp\/v2\/pages"}],"about":[{"href":"https:\/\/linkconsulting.com\/managed-infrastructures\/wp-json\/wp\/v2\/types\/page"}],"author":[{"embeddable":true,"href":"https:\/\/linkconsulting.com\/managed-infrastructures\/wp-json\/wp\/v2\/users\/3"}],"replies":[{"embeddable":true,"href":"https:\/\/linkconsulting.com\/managed-infrastructures\/wp-json\/wp\/v2\/comments?post=499"}],"version-history":[{"count":0,"href":"https:\/\/linkconsulting.com\/managed-infrastructures\/wp-json\/wp\/v2\/pages\/499\/revisions"}],"up":[{"embeddable":true,"href":"https:\/\/linkconsulting.com\/managed-infrastructures\/wp-json\/wp\/v2\/pages\/480"}],"wp:attachment":[{"href":"https:\/\/linkconsulting.com\/managed-infrastructures\/wp-json\/wp\/v2\/media?parent=499"}],"wp:term":[{"taxonomy":"category","embeddable":true,"href":"https:\/\/linkconsulting.com\/managed-infrastructures\/wp-json\/wp\/v2\/categories?post=499"}],"curies":[{"name":"wp","href":"https:\/\/api.w.org\/{rel}","templated":true}]}}