{"id":958,"date":"2021-08-27T13:44:04","date_gmt":"2021-08-27T13:44:04","guid":{"rendered":"https:\/\/modest-torvalds.217-112-80-86.plesk.page\/sqa\/solucoes-servicos\/testes-funcionais-copy\/"},"modified":"2021-09-14T17:47:48","modified_gmt":"2021-09-14T17:47:48","slug":"performance","status":"publish","type":"page","link":"https:\/\/linkconsulting.com\/sqa\/solucoes-servicos\/performance\/","title":{"rendered":"Performance"},"content":{"rendered":"<section class=\"wpb-content-wrapper\"><p>[vc_row][vc_column width=&#8221;1\/6&#8243;][\/vc_column][vc_column width=&#8221;2\/3&#8243;][vc_single_image image=&#8221;959&#8243; img_size=&#8221;full&#8221;][vc_column_text]<\/p>\n<h3>O que \u00e9?<\/h3>\n<div class=\"sectionBody\">\n<p>A Link possui times especializados na execu\u00e7\u00e3o de testes de performance, que complementam os seus servi\u00e7os de testes funcionais.<\/p>\n<p>A miss\u00e3o destes times \u00e9, numa primeira fase, definir com o cliente quais os objetivos a atingir em termos de performance, para depois desenhar e executar esses testes recorrendo \u00e0s ferramentas apropriadas. Ap\u00f3s a execu\u00e7\u00e3o dos testes, s\u00e3o produzidos relat\u00f3rios com um conjunto de recomenda\u00e7\u00f5es que dever\u00e3o ser seguidas pelo cliente de forma a atingir os objetivos propostos.<\/p>\n<p>A Link possui experi\u00eancia num vasto leque de ferramentas de testes de performance, tendo capacidade de selecionar as ferramentas mais apropriadas aos sistemas a testar e aos objetivos definidos pelos clientes.<\/p>\n<\/div>\n<p>[\/vc_column_text][vc_column_text]<\/p>\n<div class=\"sectionBody\"><\/div>\n<div class=\"article\">\n<h3>Vantagens e benef\u00edcios que promove:<\/h3>\n<div class=\"sectionBody\">\n<ul>\n<li><strong>Evitar custos futuros<\/strong>\u00a0avaliando antecipadamente os tempos de resposta de uma aplica\u00e7\u00e3o em situa\u00e7\u00f5es de carga similares (ou mesmo mais exigentes) do que aquelas que se ir\u00e3o verificar em produ\u00e7\u00e3o.<\/li>\n<li><strong>Poupar custos<\/strong>\u00a0inerentes \u00e0 degrada\u00e7\u00e3o da performance de sistemas em produ\u00e7\u00e3o atrav\u00e9s da monitora\u00e7\u00e3o constate dos tempos de resposta.<\/li>\n<li><strong>Aumento da disponibilidade<\/strong>\u00a0das aplica\u00e7\u00f5es\/sistemas e do \u00edndice de\u00a0<strong>satisfa\u00e7\u00e3o dos utilizadores<\/strong>.<\/li>\n<\/ul>\n<\/div>\n<\/div>\n<p>[\/vc_column_text][\/vc_column][vc_column width=&#8221;1\/6&#8243;][\/vc_column][\/vc_row]<\/p>\n<\/section>","protected":false},"excerpt":{"rendered":"<p>[vc_row][vc_column width=&#8221;1\/6&#8243;][\/vc_column][vc_column width=&#8221;2\/3&#8243;][vc_single_image image=&#8221;959&#8243; img_size=&#8221;full&#8221;][vc_column_text] O que \u00e9? A Link possui times especializados na execu\u00e7\u00e3o de testes de performance, que complementam os seus servi\u00e7os de testes funcionais. A miss\u00e3o destes times \u00e9, numa primeira fase, definir com o cliente quais&#8230;<\/p>\n","protected":false},"author":5,"featured_media":758,"parent":727,"menu_order":9,"comment_status":"closed","ping_status":"closed","template":"","meta":[],"categories":[1],"_links":{"self":[{"href":"https:\/\/linkconsulting.com\/sqa\/wp-json\/wp\/v2\/pages\/958"}],"collection":[{"href":"https:\/\/linkconsulting.com\/sqa\/wp-json\/wp\/v2\/pages"}],"about":[{"href":"https:\/\/linkconsulting.com\/sqa\/wp-json\/wp\/v2\/types\/page"}],"author":[{"embeddable":true,"href":"https:\/\/linkconsulting.com\/sqa\/wp-json\/wp\/v2\/users\/5"}],"replies":[{"embeddable":true,"href":"https:\/\/linkconsulting.com\/sqa\/wp-json\/wp\/v2\/comments?post=958"}],"version-history":[{"count":0,"href":"https:\/\/linkconsulting.com\/sqa\/wp-json\/wp\/v2\/pages\/958\/revisions"}],"up":[{"embeddable":true,"href":"https:\/\/linkconsulting.com\/sqa\/wp-json\/wp\/v2\/pages\/727"}],"wp:featuredmedia":[{"embeddable":true,"href":"https:\/\/linkconsulting.com\/sqa\/wp-json\/wp\/v2\/media\/758"}],"wp:attachment":[{"href":"https:\/\/linkconsulting.com\/sqa\/wp-json\/wp\/v2\/media?parent=958"}],"wp:term":[{"taxonomy":"category","embeddable":true,"href":"https:\/\/linkconsulting.com\/sqa\/wp-json\/wp\/v2\/categories?post=958"}],"curies":[{"name":"wp","href":"https:\/\/api.w.org\/{rel}","templated":true}]}}